{"id":205,"date":"2020-07-03T10:12:11","date_gmt":"2020-07-03T08:12:11","guid":{"rendered":"https:\/\/reprog33.com\/web\/blog\/?page_id=205"},"modified":"2023-10-13T10:52:26","modified_gmt":"2023-10-13T08:52:26","slug":"blog-2","status":"publish","type":"page","link":"https:\/\/reprog33.com\/web\/blog\/blog-2\/","title":{"rendered":"Blog"},"content":{"rendered":"\n<p><br><code>\r\n\t\t<div class=\"sp_wpspwpost_static wpspw-design-1 wpspw-grid-1 wpspw-clearfix \">\r\n\r\n\t\t\t\r\n<div class=\"wpspw-post-grid wpspw-medium-12 wpspw-columns \">\r\n\t<div class=\"wpspw-post-grid-content  \">\r\n\r\n\t\t\t\t\t<div class=\"wpspw-post-image-bg\">\r\n\t\t\t\t<a href=\"https:\/\/reprog33.com\/web\/blog\/2024\/07\/12\/economie-de-carburant-en-quoi-la-reprogrammation-peut-elle-y-jouer\/\">\r\n\t\t\t\t\t<img decoding=\"async\" src=\"https:\/\/reprog33.com\/web\/blog\/wp-content\/uploads\/2024\/07\/DSC09505.jpg\" alt=\"Economie de carburant : en quoi la reprogrammation peut-elle y jouer ?\" \/>\r\n\t\t\t\t<\/a>\r\n\t\t\t<\/div>\r\n\t\t\t\t\t<div class=\"wpspw-post-categories\"><a href=\"https:\/\/reprog33.com\/web\/blog\/category\/developpement\/\">D\u00e9veloppement<\/a> <a href=\"https:\/\/reprog33.com\/web\/blog\/category\/developpement\/reprog\/\">Reprogrammation<\/a><\/div>\r\n\t\t\r\n\t\t<h2 class=\"wpspw-post-title\">\r\n\t\t\t<a href=\"https:\/\/reprog33.com\/web\/blog\/2024\/07\/12\/economie-de-carburant-en-quoi-la-reprogrammation-peut-elle-y-jouer\/\">Economie de carburant : en quoi la reprogrammation peut-elle y jouer ?<\/a>\r\n\t\t<\/h2>\r\n\r\n\t\t\t\t\t<div class=\"wpspw-post-date\">\r\n\t\t\t\t\t\t\t\t\t<span>\r\n\t\t\t\t\t\tBy <a href=\"https:\/\/reprog33.com\/web\/blog\/author\/admin\/\">Gauthier<\/a>\r\n\t\t\t\t\t<\/span>\r\n\t\t\t\t&nbsp;\/&nbsp;12 juillet 2024\t\t\t<\/div>\r\n\t\t\t\t\t<div class=\"wpspw-post-content\">\r\n\t\t\t\t\t\t\t\t\t<div>\r\n\t\t\t\t\t\tDans un contexte o\u00f9 les pr\u00e9occupation \u00e9conomiques et \u00e9cologiques prennent de plus en plus de place, la reprogrammation des v\u00e9hicules...\t\t\t\t\t<\/div>\r\n\t\t\t\t\t<a class=\"wpspw-readmorebtn\" href=\"https:\/\/reprog33.com\/web\/blog\/2024\/07\/12\/economie-de-carburant-en-quoi-la-reprogrammation-peut-elle-y-jouer\/\">Read More<\/a>\r\n\t\t\t\t\t\t\t<\/div>\r\n\t\t\t\t\t<div class=\"wpswp-post-tags\">Tags: <a href=\"https:\/\/reprog33.com\/web\/blog\/tag\/economie\/\" rel=\"tag\">\u00e9conomie<\/a>, <a href=\"https:\/\/reprog33.com\/web\/blog\/tag\/ethanol-2\/\" rel=\"tag\">ethanol<\/a>, <a href=\"https:\/\/reprog33.com\/web\/blog\/tag\/reprog33\/\" rel=\"tag\">reprog33<\/a>, <a href=\"https:\/\/reprog33.com\/web\/blog\/tag\/reprogrammation\/\" rel=\"tag\">reprogrammation<\/a>, <a href=\"https:\/\/reprog33.com\/web\/blog\/tag\/reprogrammation-bordeaux\/\" rel=\"tag\">reprogrammation bordeaux<\/a>, <a href=\"https:\/\/reprog33.com\/web\/blog\/tag\/reprogrammation-moteur\/\" rel=\"tag\">reprogrammation moteur<\/a><\/div>\r\n\t\t\t<\/div>\r\n<\/div>\r\n<div class=\"wpspw-post-grid wpspw-medium-12 wpspw-columns \">\r\n\t<div class=\"wpspw-post-grid-content  \">\r\n\r\n\t\t\t\t\t<div class=\"wpspw-post-image-bg\">\r\n\t\t\t\t<a href=\"https:\/\/reprog33.com\/web\/blog\/2024\/07\/12\/faq-la-suppression-de-ladblue-sous-tous-ses-angles\/\">\r\n\t\t\t\t\t<img decoding=\"async\" src=\"https:\/\/reprog33.com\/web\/blog\/wp-content\/uploads\/2024\/05\/your-guide-to-adblue-what-is-it-who-needs-it-and-how-to-refill-it-104882_1.jpg\" alt=\"FAQ : La suppression de l\u2019AdBlue sous tous ses angles&nbsp;\" \/>\r\n\t\t\t\t<\/a>\r\n\t\t\t<\/div>\r\n\t\t\t\t\t<div class=\"wpspw-post-categories\"><a href=\"https:\/\/reprog33.com\/web\/blog\/category\/developpement\/\">D\u00e9veloppement<\/a> <a href=\"https:\/\/reprog33.com\/web\/blog\/category\/nouveautes\/\">Nouveaut\u00e9s<\/a> <a href=\"https:\/\/reprog33.com\/web\/blog\/category\/developpement\/reprog\/\">Reprogrammation<\/a><\/div>\r\n\t\t\r\n\t\t<h2 class=\"wpspw-post-title\">\r\n\t\t\t<a href=\"https:\/\/reprog33.com\/web\/blog\/2024\/07\/12\/faq-la-suppression-de-ladblue-sous-tous-ses-angles\/\"><strong>FAQ : La suppression de l\u2019AdBlue sous tous ses angles<\/strong>&nbsp;<\/a>\r\n\t\t<\/h2>\r\n\r\n\t\t\t\t\t<div class=\"wpspw-post-date\">\r\n\t\t\t\t\t\t\t\t\t<span>\r\n\t\t\t\t\t\tBy <a href=\"https:\/\/reprog33.com\/web\/blog\/author\/admin\/\">Gauthier<\/a>\r\n\t\t\t\t\t<\/span>\r\n\t\t\t\t&nbsp;\/&nbsp;12 juillet 2024\t\t\t<\/div>\r\n\t\t\t\t\t<div class=\"wpspw-post-content\">\r\n\t\t\t\t\t\t\t\t\t<div>\r\n\t\t\t\t\t\tL\u2019AdBlue anime de nombreux d\u00e9bats depuis plusieurs ann\u00e9es dans l\u2019industrie automobile. A travers cet article nous allons essayer de vous r\u00e9pondre aux questions les plus fr\u00e9quentes concernant sa suppression.\u00a0\t\t\t\t\t<\/div>\r\n\t\t\t\t\t<a class=\"wpspw-readmorebtn\" href=\"https:\/\/reprog33.com\/web\/blog\/2024\/07\/12\/faq-la-suppression-de-ladblue-sous-tous-ses-angles\/\">Read More<\/a>\r\n\t\t\t\t\t\t\t<\/div>\r\n\t\t\t\t\t<div class=\"wpswp-post-tags\">Tags: <a href=\"https:\/\/reprog33.com\/web\/blog\/tag\/adblue\/\" rel=\"tag\">adblue<\/a>, <a href=\"https:\/\/reprog33.com\/web\/blog\/tag\/reprog33\/\" rel=\"tag\">reprog33<\/a>, <a href=\"https:\/\/reprog33.com\/web\/blog\/tag\/reprogrammation\/\" rel=\"tag\">reprogrammation<\/a>, <a href=\"https:\/\/reprog33.com\/web\/blog\/tag\/reprogrammation-moteur\/\" rel=\"tag\">reprogrammation moteur<\/a>, <a href=\"https:\/\/reprog33.com\/web\/blog\/tag\/reprogrammation-moteur-bordeaux\/\" rel=\"tag\">reprogrammation moteur bordeaux<\/a><\/div>\r\n\t\t\t<\/div>\r\n<\/div>\r\n<div class=\"wpspw-post-grid wpspw-medium-12 wpspw-columns \">\r\n\t<div class=\"wpspw-post-grid-content  \">\r\n\r\n\t\t\t\t\t<div class=\"wpspw-post-image-bg\">\r\n\t\t\t\t<a href=\"https:\/\/reprog33.com\/web\/blog\/2024\/05\/28\/decouvrez-notre-nouveau-kit-turbo-stage-3-pour-can-am-maverick-sport\/\">\r\n\t\t\t\t\t<img decoding=\"async\" src=\"https:\/\/reprog33.com\/web\/blog\/wp-content\/uploads\/2024\/03\/DSC09532.jpg\" alt=\"D\u00e9couvrez notre Nouveau Kit Turbo Stage 3 pour Can Am Maverick Sport\" \/>\r\n\t\t\t\t<\/a>\r\n\t\t\t<\/div>\r\n\t\t\t\t\t<div class=\"wpspw-post-categories\"><a href=\"https:\/\/reprog33.com\/web\/blog\/category\/buggy\/\">Buggy<\/a> <a href=\"https:\/\/reprog33.com\/web\/blog\/category\/developpement\/\">D\u00e9veloppement<\/a> <a href=\"https:\/\/reprog33.com\/web\/blog\/category\/pieces-performances\/\">Pi\u00e8ces performances<\/a> <a href=\"https:\/\/reprog33.com\/web\/blog\/category\/developpement\/reprog\/\">Reprogrammation<\/a><\/div>\r\n\t\t\r\n\t\t<h2 class=\"wpspw-post-title\">\r\n\t\t\t<a href=\"https:\/\/reprog33.com\/web\/blog\/2024\/05\/28\/decouvrez-notre-nouveau-kit-turbo-stage-3-pour-can-am-maverick-sport\/\">D\u00e9couvrez notre Nouveau Kit Turbo Stage 3 pour Can Am Maverick Sport<\/a>\r\n\t\t<\/h2>\r\n\r\n\t\t\t\t\t<div class=\"wpspw-post-date\">\r\n\t\t\t\t\t\t\t\t\t<span>\r\n\t\t\t\t\t\tBy <a href=\"https:\/\/reprog33.com\/web\/blog\/author\/admin\/\">Gauthier<\/a>\r\n\t\t\t\t\t<\/span>\r\n\t\t\t\t&nbsp;\/&nbsp;28 mai 2024\t\t\t<\/div>\r\n\t\t\t\t\t<div class=\"wpspw-post-content\">\r\n\t\t\t\t\t\t\t\t\t<div>\r\n\t\t\t\t\t\tDepuis plusieurs ann\u00e9es, chez reprog 33 nous avons mis au point un kit turbo sur mesure pour CanAM Maverick Sport. Il est con\u00e7u pour repousser les limites de la puissance et de la performance de votre buggy. Notre derni\u00e8re r\u00e9alisation est le fruit des efforts et de la recherche d'un r\u00e9sultat sur mesure pour chaque machine.\t\t\t\t\t<\/div>\r\n\t\t\t\t\t<a class=\"wpspw-readmorebtn\" href=\"https:\/\/reprog33.com\/web\/blog\/2024\/05\/28\/decouvrez-notre-nouveau-kit-turbo-stage-3-pour-can-am-maverick-sport\/\">Read More<\/a>\r\n\t\t\t\t\t\t\t<\/div>\r\n\t\t\t\t\t<div class=\"wpswp-post-tags\">Tags: <a href=\"https:\/\/reprog33.com\/web\/blog\/tag\/buggy\/\" rel=\"tag\">buggy<\/a>, <a href=\"https:\/\/reprog33.com\/web\/blog\/tag\/can-am\/\" rel=\"tag\">Can AM<\/a>, <a href=\"https:\/\/reprog33.com\/web\/blog\/tag\/maverick-sport\/\" rel=\"tag\">Maverick Sport<\/a>, <a href=\"https:\/\/reprog33.com\/web\/blog\/tag\/reprogrammation-bordeaux\/\" rel=\"tag\">reprogrammation bordeaux<\/a>, <a href=\"https:\/\/reprog33.com\/web\/blog\/tag\/ssv\/\" rel=\"tag\">SSV<\/a>, <a href=\"https:\/\/reprog33.com\/web\/blog\/tag\/stage-3\/\" rel=\"tag\">stage 3<\/a><\/div>\r\n\t\t\t<\/div>\r\n<\/div>\r\n<div class=\"wpspw-post-grid wpspw-medium-12 wpspw-columns \">\r\n\t<div class=\"wpspw-post-grid-content  \">\r\n\r\n\t\t\t\t\t<div class=\"wpspw-post-image-bg\">\r\n\t\t\t\t<a href=\"https:\/\/reprog33.com\/web\/blog\/2024\/01\/30\/reprogrammation-abarth-stage-3-a-la-recherche-de-performances-maximales\/\">\r\n\t\t\t\t\t<img decoding=\"async\" src=\"https:\/\/reprog33.com\/web\/blog\/wp-content\/uploads\/2024\/01\/DSC00185-scaled.jpg\" alt=\"Reprogrammation Abarth Stage 3 : A la recherche de performances maximales\" \/>\r\n\t\t\t\t<\/a>\r\n\t\t\t<\/div>\r\n\t\t\t\t\t<div class=\"wpspw-post-categories\"><a href=\"https:\/\/reprog33.com\/web\/blog\/category\/developpement\/\">D\u00e9veloppement<\/a> <a href=\"https:\/\/reprog33.com\/web\/blog\/category\/non-classe\/\">Non class\u00e9<\/a> <a href=\"https:\/\/reprog33.com\/web\/blog\/category\/developpement\/reprog\/\">Reprogrammation<\/a> <a href=\"https:\/\/reprog33.com\/web\/blog\/category\/vehicules\/\">V\u00e9hicules<\/a><\/div>\r\n\t\t\r\n\t\t<h2 class=\"wpspw-post-title\">\r\n\t\t\t<a href=\"https:\/\/reprog33.com\/web\/blog\/2024\/01\/30\/reprogrammation-abarth-stage-3-a-la-recherche-de-performances-maximales\/\">Reprogrammation Abarth Stage 3 : A la recherche de performances maximales<\/a>\r\n\t\t<\/h2>\r\n\r\n\t\t\t\t\t<div class=\"wpspw-post-date\">\r\n\t\t\t\t\t\t\t\t\t<span>\r\n\t\t\t\t\t\tBy <a href=\"https:\/\/reprog33.com\/web\/blog\/author\/admin\/\">Gauthier<\/a>\r\n\t\t\t\t\t<\/span>\r\n\t\t\t\t&nbsp;\/&nbsp;30 janvier 2024\t\t\t<\/div>\r\n\t\t\t\t\t<div class=\"wpspw-post-content\">\r\n\t\t\t\t\t\t\t\t\t<div>\r\n\t\t\t\t\t\tChez Reprog 33 nous sommes sp\u00e9cialistes Abarth depuis 15 ans. Nous concevons sur mesure nos stage 3, nous vous expliquons tout en d\u00e9tails ici.\t\t\t\t\t<\/div>\r\n\t\t\t\t\t<a class=\"wpspw-readmorebtn\" href=\"https:\/\/reprog33.com\/web\/blog\/2024\/01\/30\/reprogrammation-abarth-stage-3-a-la-recherche-de-performances-maximales\/\">Read More<\/a>\r\n\t\t\t\t\t\t\t<\/div>\r\n\t\t\t\t\t<div class=\"wpswp-post-tags\">Tags: <a href=\"https:\/\/reprog33.com\/web\/blog\/tag\/abarth\/\" rel=\"tag\">abarth<\/a>, <a href=\"https:\/\/reprog33.com\/web\/blog\/tag\/reprog33\/\" rel=\"tag\">reprog33<\/a>, <a href=\"https:\/\/reprog33.com\/web\/blog\/tag\/reprogrammation\/\" rel=\"tag\">reprogrammation<\/a>, <a href=\"https:\/\/reprog33.com\/web\/blog\/tag\/reprogrammation-bordeaux\/\" rel=\"tag\">reprogrammation bordeaux<\/a>, <a href=\"https:\/\/reprog33.com\/web\/blog\/tag\/reprogrammation-moteur\/\" rel=\"tag\">reprogrammation moteur<\/a>, <a href=\"https:\/\/reprog33.com\/web\/blog\/tag\/reprogrammation-moteur-bordeaux\/\" rel=\"tag\">reprogrammation moteur bordeaux<\/a>, <a href=\"https:\/\/reprog33.com\/web\/blog\/tag\/stage-3\/\" rel=\"tag\">stage 3<\/a><\/div>\r\n\t\t\t<\/div>\r\n<\/div>\r\n<div class=\"wpspw-post-grid wpspw-medium-12 wpspw-columns \">\r\n\t<div class=\"wpspw-post-grid-content  \">\r\n\r\n\t\t\t\t\t<div class=\"wpspw-post-image-bg\">\r\n\t\t\t\t<a href=\"https:\/\/reprog33.com\/web\/blog\/2023\/11\/27\/les-differents-stages-quels-specificites-interets\/\">\r\n\t\t\t\t\t<img decoding=\"async\" src=\"https:\/\/reprog33.com\/web\/blog\/wp-content\/uploads\/2023\/11\/cla-45-2.jpg\" alt=\"Les diff\u00e9rents stages : quelles sp\u00e9cificit\u00e9s\/int\u00e9r\u00eats ?\" \/>\r\n\t\t\t\t<\/a>\r\n\t\t\t<\/div>\r\n\t\t\t\t\t<div class=\"wpspw-post-categories\"><a href=\"https:\/\/reprog33.com\/web\/blog\/category\/developpement\/\">D\u00e9veloppement<\/a> <a href=\"https:\/\/reprog33.com\/web\/blog\/category\/non-classe\/\">Non class\u00e9<\/a> <a href=\"https:\/\/reprog33.com\/web\/blog\/category\/pieces-performances\/\">Pi\u00e8ces performances<\/a> <a href=\"https:\/\/reprog33.com\/web\/blog\/category\/developpement\/reprog\/\">Reprogrammation<\/a> <a href=\"https:\/\/reprog33.com\/web\/blog\/category\/resultats\/\">R\u00e9sultats<\/a><\/div>\r\n\t\t\r\n\t\t<h2 class=\"wpspw-post-title\">\r\n\t\t\t<a href=\"https:\/\/reprog33.com\/web\/blog\/2023\/11\/27\/les-differents-stages-quels-specificites-interets\/\">Les diff\u00e9rents stages : quelles sp\u00e9cificit\u00e9s\/int\u00e9r\u00eats ?<\/a>\r\n\t\t<\/h2>\r\n\r\n\t\t\t\t\t<div class=\"wpspw-post-date\">\r\n\t\t\t\t\t\t\t\t\t<span>\r\n\t\t\t\t\t\tBy <a href=\"https:\/\/reprog33.com\/web\/blog\/author\/admin\/\">Gauthier<\/a>\r\n\t\t\t\t\t<\/span>\r\n\t\t\t\t&nbsp;\/&nbsp;27 novembre 2023\t\t\t<\/div>\r\n\t\t\t\t\t<div class=\"wpspw-post-content\">\r\n\t\t\t\t\t\t\t\t\t<div>\r\n\t\t\t\t\t\tQuelles sont les diff\u00e9rences entre les stages 1, 2 et 3 ? L'utilisation et les modifications apport\u00e9es sont totalement distinctes. Nous allons essayer de vous aiguiller dans cet article\t\t\t\t\t<\/div>\r\n\t\t\t\t\t<a class=\"wpspw-readmorebtn\" href=\"https:\/\/reprog33.com\/web\/blog\/2023\/11\/27\/les-differents-stages-quels-specificites-interets\/\">Read More<\/a>\r\n\t\t\t\t\t\t\t<\/div>\r\n\t\t\t\t\t<div class=\"wpswp-post-tags\">Tags: <a href=\"https:\/\/reprog33.com\/web\/blog\/tag\/reprog33\/\" rel=\"tag\">reprog33<\/a>, <a href=\"https:\/\/reprog33.com\/web\/blog\/tag\/reprogrammation\/\" rel=\"tag\">reprogrammation<\/a>, <a href=\"https:\/\/reprog33.com\/web\/blog\/tag\/reprogrammation-bordeaux\/\" rel=\"tag\">reprogrammation bordeaux<\/a>, <a href=\"https:\/\/reprog33.com\/web\/blog\/tag\/reprogrammation-moteur-bordeaux\/\" rel=\"tag\">reprogrammation moteur bordeaux<\/a>, <a href=\"https:\/\/reprog33.com\/web\/blog\/tag\/stage-1\/\" rel=\"tag\">stage 1<\/a>, <a href=\"https:\/\/reprog33.com\/web\/blog\/tag\/stage-2\/\" rel=\"tag\">stage 2<\/a>, <a href=\"https:\/\/reprog33.com\/web\/blog\/tag\/stage-3\/\" rel=\"tag\">stage 3<\/a><\/div>\r\n\t\t\t<\/div>\r\n<\/div>\r\n<div class=\"wpspw-post-grid wpspw-medium-12 wpspw-columns \">\r\n\t<div class=\"wpspw-post-grid-content  \">\r\n\r\n\t\t\t\t\t<div class=\"wpspw-post-image-bg\">\r\n\t\t\t\t<a href=\"https:\/\/reprog33.com\/web\/blog\/2023\/10\/31\/le-banc-de-puissance-a-quoi-ca-sert\/\">\r\n\t\t\t\t\t<img decoding=\"async\" src=\"https:\/\/reprog33.com\/web\/blog\/wp-content\/uploads\/2023\/10\/DSC00202-scaled.jpg\" alt=\"Le banc de puissance : \u00e0 quoi \u00e7a sert ?\" \/>\r\n\t\t\t\t<\/a>\r\n\t\t\t<\/div>\r\n\t\t\t\t\t<div class=\"wpspw-post-categories\"><a href=\"https:\/\/reprog33.com\/web\/blog\/category\/developpement\/\">D\u00e9veloppement<\/a> <a href=\"https:\/\/reprog33.com\/web\/blog\/category\/developpement\/reprog\/\">Reprogrammation<\/a><\/div>\r\n\t\t\r\n\t\t<h2 class=\"wpspw-post-title\">\r\n\t\t\t<a href=\"https:\/\/reprog33.com\/web\/blog\/2023\/10\/31\/le-banc-de-puissance-a-quoi-ca-sert\/\">Le banc de puissance : \u00e0 quoi \u00e7a sert ?<\/a>\r\n\t\t<\/h2>\r\n\r\n\t\t\t\t\t<div class=\"wpspw-post-date\">\r\n\t\t\t\t\t\t\t\t\t<span>\r\n\t\t\t\t\t\tBy <a href=\"https:\/\/reprog33.com\/web\/blog\/author\/admin\/\">Gauthier<\/a>\r\n\t\t\t\t\t<\/span>\r\n\t\t\t\t&nbsp;\/&nbsp;31 octobre 2023\t\t\t<\/div>\r\n\t\t\t\t\t<div class=\"wpspw-post-content\">\r\n\t\t\t\t\t\t\t\t\t<div>\r\n\t\t\t\t\t\tLe banc de puissance moteur est un outil essentiel dans l'industrie automobile pour \u00e9valuer et mesurer les caract\u00e9ristiques des v\u00e9hicules....\t\t\t\t\t<\/div>\r\n\t\t\t\t\t<a class=\"wpspw-readmorebtn\" href=\"https:\/\/reprog33.com\/web\/blog\/2023\/10\/31\/le-banc-de-puissance-a-quoi-ca-sert\/\">Read More<\/a>\r\n\t\t\t\t\t\t\t<\/div>\r\n\t\t\t\t\t<div class=\"wpswp-post-tags\">Tags: <a href=\"https:\/\/reprog33.com\/web\/blog\/tag\/bancdepuissance\/\" rel=\"tag\">#bancdepuissance<\/a>, <a href=\"https:\/\/reprog33.com\/web\/blog\/tag\/bancdepuissance-2\/\" rel=\"tag\">bancdepuissance<\/a>, <a href=\"https:\/\/reprog33.com\/web\/blog\/tag\/buggy\/\" rel=\"tag\">buggy<\/a>, <a href=\"https:\/\/reprog33.com\/web\/blog\/tag\/reprog33\/\" rel=\"tag\">reprog33<\/a>, <a href=\"https:\/\/reprog33.com\/web\/blog\/tag\/reprogrammation\/\" rel=\"tag\">reprogrammation<\/a>, <a href=\"https:\/\/reprog33.com\/web\/blog\/tag\/reprogrammation-bordeaux\/\" rel=\"tag\">reprogrammation bordeaux<\/a>, <a href=\"https:\/\/reprog33.com\/web\/blog\/tag\/reprogrammation-moteur\/\" rel=\"tag\">reprogrammation moteur<\/a>, <a href=\"https:\/\/reprog33.com\/web\/blog\/tag\/reprogrammation-moteur-bordeaux\/\" rel=\"tag\">reprogrammation moteur bordeaux<\/a>, <a href=\"https:\/\/reprog33.com\/web\/blog\/tag\/ssv\/\" rel=\"tag\">SSV<\/a><\/div>\r\n\t\t\t<\/div>\r\n<\/div>\r\n<div class=\"wpspw-post-grid wpspw-medium-12 wpspw-columns \">\r\n\t<div class=\"wpspw-post-grid-content  \">\r\n\r\n\t\t\t\t\t<div class=\"wpspw-post-image-bg\">\r\n\t\t\t\t<a href=\"https:\/\/reprog33.com\/web\/blog\/2023\/10\/13\/la-preparation-moteur-des-buggy-augmenter-la-puissance-pour-tout-dompter\/\">\r\n\t\t\t\t\t<img decoding=\"async\" src=\"https:\/\/reprog33.com\/web\/blog\/wp-content\/uploads\/2023\/10\/DSC00113-scaled.jpg\" alt=\"La Pr\u00e9paration Moteur des Buggy : Augmenter la Puissance pour tout dompter\" \/>\r\n\t\t\t\t<\/a>\r\n\t\t\t<\/div>\r\n\t\t\t\t\t<div class=\"wpspw-post-categories\"><a href=\"https:\/\/reprog33.com\/web\/blog\/category\/buggy\/\">Buggy<\/a><\/div>\r\n\t\t\r\n\t\t<h2 class=\"wpspw-post-title\">\r\n\t\t\t<a href=\"https:\/\/reprog33.com\/web\/blog\/2023\/10\/13\/la-preparation-moteur-des-buggy-augmenter-la-puissance-pour-tout-dompter\/\">La Pr\u00e9paration Moteur des Buggy : Augmenter la Puissance pour tout dompter<\/a>\r\n\t\t<\/h2>\r\n\r\n\t\t\t\t\t<div class=\"wpspw-post-date\">\r\n\t\t\t\t\t\t\t\t\t<span>\r\n\t\t\t\t\t\tBy <a href=\"https:\/\/reprog33.com\/web\/blog\/author\/admin\/\">Gauthier<\/a>\r\n\t\t\t\t\t<\/span>\r\n\t\t\t\t&nbsp;\/&nbsp;13 octobre 2023\t\t\t<\/div>\r\n\t\t\t\t\t<div class=\"wpspw-post-content\">\r\n\t\t\t\t\t\t\t\t\t<div>\r\n\t\t\t\t\t\tCan Am Conqu\u00e9rir tous les terrains est la mission des buggy. Pour ceux qui recherchent des sensations uniques au volant,...\t\t\t\t\t<\/div>\r\n\t\t\t\t\t<a class=\"wpspw-readmorebtn\" href=\"https:\/\/reprog33.com\/web\/blog\/2023\/10\/13\/la-preparation-moteur-des-buggy-augmenter-la-puissance-pour-tout-dompter\/\">Read More<\/a>\r\n\t\t\t\t\t\t\t<\/div>\r\n\t\t\t\t\t<div class=\"wpswp-post-tags\">Tags: <a href=\"https:\/\/reprog33.com\/web\/blog\/tag\/buggy\/\" rel=\"tag\">buggy<\/a>, <a href=\"https:\/\/reprog33.com\/web\/blog\/tag\/canam\/\" rel=\"tag\">CanAm<\/a>, <a href=\"https:\/\/reprog33.com\/web\/blog\/tag\/polaris\/\" rel=\"tag\">polaris<\/a>, <a href=\"https:\/\/reprog33.com\/web\/blog\/tag\/reprogrammation\/\" rel=\"tag\">reprogrammation<\/a>, <a href=\"https:\/\/reprog33.com\/web\/blog\/tag\/reprogrammation-bordeaux\/\" rel=\"tag\">reprogrammation bordeaux<\/a>, <a href=\"https:\/\/reprog33.com\/web\/blog\/tag\/reprogrammation-moteur\/\" rel=\"tag\">reprogrammation moteur<\/a>, <a href=\"https:\/\/reprog33.com\/web\/blog\/tag\/ssv\/\" rel=\"tag\">SSV<\/a><\/div>\r\n\t\t\t<\/div>\r\n<\/div>\r\n<div class=\"wpspw-post-grid wpspw-medium-12 wpspw-columns \">\r\n\t<div class=\"wpspw-post-grid-content  \">\r\n\r\n\t\t\t\t\t<div class=\"wpspw-post-image-bg\">\r\n\t\t\t\t<a href=\"https:\/\/reprog33.com\/web\/blog\/2023\/10\/13\/ad-blue-comprendre-les-corrections\/\">\r\n\t\t\t\t\t<img decoding=\"async\" src=\"https:\/\/reprog33.com\/web\/blog\/wp-content\/uploads\/2023\/10\/e2e220da-8d1a-4a12-8c39-872e5b7e26af.jpg\" alt=\"Ad Blue : Comprendre les corrections\" \/>\r\n\t\t\t\t<\/a>\r\n\t\t\t<\/div>\r\n\t\t\t\t\t<div class=\"wpspw-post-categories\"><a href=\"https:\/\/reprog33.com\/web\/blog\/category\/developpement\/\">D\u00e9veloppement<\/a> <a href=\"https:\/\/reprog33.com\/web\/blog\/category\/non-classe\/\">Non class\u00e9<\/a> <a href=\"https:\/\/reprog33.com\/web\/blog\/category\/developpement\/reprog\/\">Reprogrammation<\/a><\/div>\r\n\t\t\r\n\t\t<h2 class=\"wpspw-post-title\">\r\n\t\t\t<a href=\"https:\/\/reprog33.com\/web\/blog\/2023\/10\/13\/ad-blue-comprendre-les-corrections\/\">Ad Blue : Comprendre les corrections<\/a>\r\n\t\t<\/h2>\r\n\r\n\t\t\t\t\t<div class=\"wpspw-post-date\">\r\n\t\t\t\t\t\t\t\t\t<span>\r\n\t\t\t\t\t\tBy <a href=\"https:\/\/reprog33.com\/web\/blog\/author\/admin\/\">Gauthier<\/a>\r\n\t\t\t\t\t<\/span>\r\n\t\t\t\t&nbsp;\/&nbsp;13 octobre 2023\t\t\t<\/div>\r\n\t\t\t\t\t<div class=\"wpspw-post-content\">\r\n\t\t\t\t\t\t\t\t\t<div>\r\n\t\t\t\t\t\tDepuis quelques ann\u00e9es, les constructeurs mettent en place diff\u00e9rents moyens afin de r\u00e9duire les pollutions \u00e9mises par les v\u00e9hicules. Tout...\t\t\t\t\t<\/div>\r\n\t\t\t\t\t<a class=\"wpspw-readmorebtn\" href=\"https:\/\/reprog33.com\/web\/blog\/2023\/10\/13\/ad-blue-comprendre-les-corrections\/\">Read More<\/a>\r\n\t\t\t\t\t\t\t<\/div>\r\n\t\t\t\t\t<div class=\"wpswp-post-tags\">Tags: <a href=\"https:\/\/reprog33.com\/web\/blog\/tag\/adblue\/\" rel=\"tag\">adblue<\/a>, <a href=\"https:\/\/reprog33.com\/web\/blog\/tag\/problemeadblue\/\" rel=\"tag\">probl\u00e8meadblue<\/a>, <a href=\"https:\/\/reprog33.com\/web\/blog\/tag\/reprogrammation\/\" rel=\"tag\">reprogrammation<\/a>, <a href=\"https:\/\/reprog33.com\/web\/blog\/tag\/reprogrammation-bordeaux\/\" rel=\"tag\">reprogrammation bordeaux<\/a>, <a href=\"https:\/\/reprog33.com\/web\/blog\/tag\/reprogrammation-moteur\/\" rel=\"tag\">reprogrammation moteur<\/a>, <a href=\"https:\/\/reprog33.com\/web\/blog\/tag\/reprogrammationadblue\/\" rel=\"tag\">reprogrammationadblue<\/a><\/div>\r\n\t\t\t<\/div>\r\n<\/div>\r\n<div class=\"wpspw-post-grid wpspw-medium-12 wpspw-columns \">\r\n\t<div class=\"wpspw-post-grid-content  \">\r\n\r\n\t\t\t\t\t<div class=\"wpspw-post-image-bg\">\r\n\t\t\t\t<a href=\"https:\/\/reprog33.com\/web\/blog\/2023\/10\/13\/introduction-a-la-reprogrammation-comprendre-les-bases\/\">\r\n\t\t\t\t\t<img decoding=\"async\" src=\"https:\/\/reprog33.com\/web\/blog\/wp-content\/uploads\/2023\/10\/cropped-DSC00085.jpg\" alt=\"Introduction \u00e0 la reprogrammation : Comprendre les bases !\" \/>\r\n\t\t\t\t<\/a>\r\n\t\t\t<\/div>\r\n\t\t\t\t\t<div class=\"wpspw-post-categories\"><a href=\"https:\/\/reprog33.com\/web\/blog\/category\/developpement\/reprog\/\">Reprogrammation<\/a><\/div>\r\n\t\t\r\n\t\t<h2 class=\"wpspw-post-title\">\r\n\t\t\t<a href=\"https:\/\/reprog33.com\/web\/blog\/2023\/10\/13\/introduction-a-la-reprogrammation-comprendre-les-bases\/\">Introduction \u00e0 la reprogrammation : Comprendre les bases !<\/a>\r\n\t\t<\/h2>\r\n\r\n\t\t\t\t\t<div class=\"wpspw-post-date\">\r\n\t\t\t\t\t\t\t\t\t<span>\r\n\t\t\t\t\t\tBy <a href=\"https:\/\/reprog33.com\/web\/blog\/author\/admin\/\">Gauthier<\/a>\r\n\t\t\t\t\t<\/span>\r\n\t\t\t\t&nbsp;\/&nbsp;13 octobre 2023\t\t\t<\/div>\r\n\t\t\t\t\t<div class=\"wpspw-post-content\">\r\n\t\t\t\t\t\t\t\t\t<div>\r\n\t\t\t\t\t\tAbarth 595 Stage 3 : 271cv Qu'est ce que \"reprogrammer son v\u00e9hicule\" ? La reprogrammation de v\u00e9hicules est un processus...\t\t\t\t\t<\/div>\r\n\t\t\t\t\t<a class=\"wpspw-readmorebtn\" href=\"https:\/\/reprog33.com\/web\/blog\/2023\/10\/13\/introduction-a-la-reprogrammation-comprendre-les-bases\/\">Read More<\/a>\r\n\t\t\t\t\t\t\t<\/div>\r\n\t\t\t\t\t<div class=\"wpswp-post-tags\">Tags: <a href=\"https:\/\/reprog33.com\/web\/blog\/tag\/reprog33\/\" rel=\"tag\">reprog33<\/a>, <a href=\"https:\/\/reprog33.com\/web\/blog\/tag\/reprogrammation\/\" rel=\"tag\">reprogrammation<\/a>, <a href=\"https:\/\/reprog33.com\/web\/blog\/tag\/reprogrammation-bordeaux\/\" rel=\"tag\">reprogrammation bordeaux<\/a>, <a href=\"https:\/\/reprog33.com\/web\/blog\/tag\/reprogrammation-moteur\/\" rel=\"tag\">reprogrammation moteur<\/a>, <a href=\"https:\/\/reprog33.com\/web\/blog\/tag\/reprogrammation-moteur-bordeaux\/\" rel=\"tag\">reprogrammation moteur bordeaux<\/a><\/div>\r\n\t\t\t<\/div>\r\n<\/div>\r\n<div class=\"wpspw-post-grid wpspw-medium-12 wpspw-columns \">\r\n\t<div class=\"wpspw-post-grid-content  \">\r\n\r\n\t\t\t\t\t<div class=\"wpspw-post-image-bg\">\r\n\t\t\t\t<a href=\"https:\/\/reprog33.com\/web\/blog\/2020\/06\/30\/la-reprogrammation-e85\/\">\r\n\t\t\t\t\t<img decoding=\"async\" src=\"https:\/\/reprog33.com\/web\/blog\/wp-content\/uploads\/2020\/06\/B9718134872Z.1_20190109200125_000GJ6CO7TSS.1-0-scaled-1.jpg\" alt=\"La reprogrammation E85\" \/>\r\n\t\t\t\t<\/a>\r\n\t\t\t<\/div>\r\n\t\t\t\t\t<div class=\"wpspw-post-categories\"><a href=\"https:\/\/reprog33.com\/web\/blog\/category\/ethanol\/\">Ethanol<\/a> <a href=\"https:\/\/reprog33.com\/web\/blog\/category\/resultats\/\">R\u00e9sultats<\/a><\/div>\r\n\t\t\r\n\t\t<h2 class=\"wpspw-post-title\">\r\n\t\t\t<a href=\"https:\/\/reprog33.com\/web\/blog\/2020\/06\/30\/la-reprogrammation-e85\/\">La reprogrammation E85<\/a>\r\n\t\t<\/h2>\r\n\r\n\t\t\t\t\t<div class=\"wpspw-post-date\">\r\n\t\t\t\t\t\t\t\t\t<span>\r\n\t\t\t\t\t\tBy <a href=\"https:\/\/reprog33.com\/web\/blog\/author\/admin\/\">Gauthier<\/a>\r\n\t\t\t\t\t<\/span>\r\n\t\t\t\t&nbsp;\/&nbsp;30 juin 2020\t\t\t<\/div>\r\n\t\t\t\t\t<div class=\"wpspw-post-content\">\r\n\t\t\t\t\t\t\t\t\t<div>\r\n\t\t\t\t\t\tLa reprogrammation E85 Marre de payer trop cher votre carburant&nbsp;? Et surtout envie d\u2019\u00e9conomiser \u00e0 chaque fois que vous passez...\t\t\t\t\t<\/div>\r\n\t\t\t\t\t<a class=\"wpspw-readmorebtn\" href=\"https:\/\/reprog33.com\/web\/blog\/2020\/06\/30\/la-reprogrammation-e85\/\">Read More<\/a>\r\n\t\t\t\t\t\t\t<\/div>\r\n\t\t\t\t\t<div class=\"wpswp-post-tags\">Tags: <a href=\"https:\/\/reprog33.com\/web\/blog\/tag\/e85\/\" rel=\"tag\">#E85<\/a>, <a href=\"https:\/\/reprog33.com\/web\/blog\/tag\/ethanol\/\" rel=\"tag\">#ethanol<\/a>, <a href=\"https:\/\/reprog33.com\/web\/blog\/tag\/reprogrammation-2\/\" rel=\"tag\">#reprogrammation<\/a>, <a href=\"https:\/\/reprog33.com\/web\/blog\/tag\/reprog33\/\" rel=\"tag\">reprog33<\/a>, <a href=\"https:\/\/reprog33.com\/web\/blog\/tag\/reprogrammation-bordeaux\/\" rel=\"tag\">reprogrammation bordeaux<\/a>, <a href=\"https:\/\/reprog33.com\/web\/blog\/tag\/reprogrammation-moteur\/\" rel=\"tag\">reprogrammation moteur<\/a><\/div>\r\n\t\t\t<\/div>\r\n<\/div>\r\n\t\t\t\t\t<\/div>\r\n\r\n\t<\/code><\/p>\n","protected":false},"excerpt":{"rendered":"","protected":false},"author":1,"featured_media":0,"parent":0,"menu_order":0,"comment_status":"closed","ping_status":"closed","template":"","meta":{"footnotes":""},"class_list":["post-205","page","type-page","status-publish","hentry"],"_links":{"self":[{"href":"https:\/\/reprog33.com\/web\/blog\/wp-json\/wp\/v2\/pages\/205","targetHints":{"allow":["GET"]}}],"collection":[{"href":"https:\/\/reprog33.com\/web\/blog\/wp-json\/wp\/v2\/pages"}],"about":[{"href":"https:\/\/reprog33.com\/web\/blog\/wp-json\/wp\/v2\/types\/page"}],"author":[{"embeddable":true,"href":"https:\/\/reprog33.com\/web\/blog\/wp-json\/wp\/v2\/users\/1"}],"replies":[{"embeddable":true,"href":"https:\/\/reprog33.com\/web\/blog\/wp-json\/wp\/v2\/comments?post=205"}],"version-history":[{"count":5,"href":"https:\/\/reprog33.com\/web\/blog\/wp-json\/wp\/v2\/pages\/205\/revisions"}],"predecessor-version":[{"id":210,"href":"https:\/\/reprog33.com\/web\/blog\/wp-json\/wp\/v2\/pages\/205\/revisions\/210"}],"wp:attachment":[{"href":"https:\/\/reprog33.com\/web\/blog\/wp-json\/wp\/v2\/media?parent=205"}],"curies":[{"name":"wp","href":"https:\/\/api.w.org\/{rel}","templated":true}]}}